{"id":3210,"date":"2022-12-24T02:15:34","date_gmt":"2022-12-24T02:15:34","guid":{"rendered":"https:\/\/kuyenraypapeleria.carlamf.com\/?post_type=product&#038;p=3210"},"modified":"2022-12-24T02:15:34","modified_gmt":"2022-12-24T02:15:34","slug":"planner-diario","status":"publish","type":"product","link":"https:\/\/kuyenraypapeleria.carlamf.com\/index.php\/producto\/planner-diario\/","title":{"rendered":"Planner Diario"},"content":{"rendered":"","protected":false},"excerpt":{"rendered":"<p>Planificador para tener todas las tareas del d\u00eda bajo control, espacio para h\u00e1bitos, hidrataci\u00f3n, llamadas que realizar, con ckeck list y opci\u00f3n de incluir hora a cada plan del d\u00eda, adem\u00e1s de un peque\u00f1o espacio para destacar un momento positivo del d\u00eda \ud83e\udd8b<\/p>\n<p>\ud83c\udf19Tama\u00f1o a5 (15&#215;21)<\/p>\n<p>\ud83c\udf19Anillo met\u00e1lico<br \/>\n\ud83c\udf19100 hojas, para 200 d\u00edas<br \/>\n\ud83c\udf19Tapa dura termolaminada<br \/>\n\ud83c\udf19Incluye calendario<\/p>\n","protected":false},"featured_media":3211,"comment_status":"open","ping_status":"closed","template":"","meta":[],"product_brand":[],"product_cat":[27],"product_tag":[],"class_list":{"0":"post-3210","1":"product","2":"type-product","3":"status-publish","4":"has-post-thumbnail","6":"product_cat-planners","7":"rishi-post","9":"first","10":"instock","11":"shipping-taxable","12":"purchasable","13":"product-type-simple"},"_links":{"self":[{"href":"https:\/\/kuyenraypapeleria.carlamf.com\/index.php\/wp-json\/wp\/v2\/product\/3210","targetHints":{"allow":["GET"]}}],"collection":[{"href":"https:\/\/kuyenraypapeleria.carlamf.com\/index.php\/wp-json\/wp\/v2\/product"}],"about":[{"href":"https:\/\/kuyenraypapeleria.carlamf.com\/index.php\/wp-json\/wp\/v2\/types\/product"}],"replies":[{"embeddable":true,"href":"https:\/\/kuyenraypapeleria.carlamf.com\/index.php\/wp-json\/wp\/v2\/comments?post=3210"}],"wp:featuredmedia":[{"embeddable":true,"href":"https:\/\/kuyenraypapeleria.carlamf.com\/index.php\/wp-json\/wp\/v2\/media\/3211"}],"wp:attachment":[{"href":"https:\/\/kuyenraypapeleria.carlamf.com\/index.php\/wp-json\/wp\/v2\/media?parent=3210"}],"wp:term":[{"taxonomy":"product_brand","embeddable":true,"href":"https:\/\/kuyenraypapeleria.carlamf.com\/index.php\/wp-json\/wp\/v2\/product_brand?post=3210"},{"taxonomy":"product_cat","embeddable":true,"href":"https:\/\/kuyenraypapeleria.carlamf.com\/index.php\/wp-json\/wp\/v2\/product_cat?post=3210"},{"taxonomy":"product_tag","embeddable":true,"href":"https:\/\/kuyenraypapeleria.carlamf.com\/index.php\/wp-json\/wp\/v2\/product_tag?post=3210"}],"curies":[{"name":"wp","href":"https:\/\/api.w.org\/{rel}","templated":true}]}}