{"id":3215,"date":"2022-12-24T02:19:03","date_gmt":"2022-12-24T02:19:03","guid":{"rendered":"https:\/\/kuyenraypapeleria.carlamf.com\/?post_type=product&#038;p=3215"},"modified":"2022-12-24T02:19:03","modified_gmt":"2022-12-24T02:19:03","slug":"planner-de-gastos","status":"publish","type":"product","link":"https:\/\/kuyenraypapeleria.carlamf.com\/index.php\/producto\/planner-de-gastos\/","title":{"rendered":"Planner de Gastos"},"content":{"rendered":"","protected":false},"excerpt":{"rendered":"<p>Tiene todo necesario para mantener bien organizadas nuestras finanzas, separado por mes, con una duraci\u00f3n de un a\u00f1o\ud83c\udf1f<br \/>\n\u2728Tama\u00f1o a5<br \/>\n\u2728Portada personalizada<\/p>\n<p>\ud83c\udf19Tama\u00f1o a5 (15&#215;21)<\/p>\n<p>\ud83c\udf19Anillo met\u00e1lico<\/p>\n<p>Por cada mes Incluye:<br \/>\n\ud83c\udf19dos hojas de ingresos<br \/>\n\ud83c\udf19dos hojas de gastos<br \/>\n\ud83c\udf19Gastos b\u00e1sicos<br \/>\n\ud83c\udf19Transferencias<br \/>\n\ud83c\udf19Compras en cuotas<br \/>\n\ud83c\udf19Pr\u00e9stamos y deudas, ideal para no olvidar cuando prestaste o te prestaron dinero\u2728<br \/>\n\ud83c\udf19Resumen del mes para hacer un balance y saber cu\u00e1nto ingres\u00f3, cu\u00e1nto gastaste y cu\u00e1nto ahorraste<\/p>\n","protected":false},"featured_media":3216,"comment_status":"open","ping_status":"closed","template":"","meta":[],"product_brand":[],"product_cat":[27],"product_tag":[],"class_list":{"0":"post-3215","1":"product","2":"type-product","3":"status-publish","4":"has-post-thumbnail","6":"product_cat-planners","7":"rishi-post","9":"first","10":"instock","11":"shipping-taxable","12":"purchasable","13":"product-type-simple"},"_links":{"self":[{"href":"https:\/\/kuyenraypapeleria.carlamf.com\/index.php\/wp-json\/wp\/v2\/product\/3215","targetHints":{"allow":["GET"]}}],"collection":[{"href":"https:\/\/kuyenraypapeleria.carlamf.com\/index.php\/wp-json\/wp\/v2\/product"}],"about":[{"href":"https:\/\/kuyenraypapeleria.carlamf.com\/index.php\/wp-json\/wp\/v2\/types\/product"}],"replies":[{"embeddable":true,"href":"https:\/\/kuyenraypapeleria.carlamf.com\/index.php\/wp-json\/wp\/v2\/comments?post=3215"}],"wp:featuredmedia":[{"embeddable":true,"href":"https:\/\/kuyenraypapeleria.carlamf.com\/index.php\/wp-json\/wp\/v2\/media\/3216"}],"wp:attachment":[{"href":"https:\/\/kuyenraypapeleria.carlamf.com\/index.php\/wp-json\/wp\/v2\/media?parent=3215"}],"wp:term":[{"taxonomy":"product_brand","embeddable":true,"href":"https:\/\/kuyenraypapeleria.carlamf.com\/index.php\/wp-json\/wp\/v2\/product_brand?post=3215"},{"taxonomy":"product_cat","embeddable":true,"href":"https:\/\/kuyenraypapeleria.carlamf.com\/index.php\/wp-json\/wp\/v2\/product_cat?post=3215"},{"taxonomy":"product_tag","embeddable":true,"href":"https:\/\/kuyenraypapeleria.carlamf.com\/index.php\/wp-json\/wp\/v2\/product_tag?post=3215"}],"curies":[{"name":"wp","href":"https:\/\/api.w.org\/{rel}","templated":true}]}}