{"id":3219,"date":"2022-12-24T02:24:34","date_gmt":"2022-12-24T02:24:34","guid":{"rendered":"https:\/\/kuyenraypapeleria.carlamf.com\/?post_type=product&#038;p=3219"},"modified":"2022-12-24T02:25:36","modified_gmt":"2022-12-24T02:25:36","slug":"agenda-pediatrica","status":"publish","type":"product","link":"https:\/\/kuyenraypapeleria.carlamf.com\/index.php\/producto\/agenda-pediatrica\/","title":{"rendered":"Agenda Pedi\u00e1trica"},"content":{"rendered":"","protected":false},"excerpt":{"rendered":"<p>Hace mucho que ten\u00edamos pendiente subir este nuevo producto, pero ya est\u00e1 aqu\u00ed \ud83e\udd2d<br \/>\n\ud83c\udf19Tama\u00f1o a5 (15&#215;21)<\/p>\n<p>\ud83c\udf19Anillo met\u00e1lico<br \/>\n\ud83c\udf19Tapa dura termolaminada<\/p>\n<p>Incluye:<br \/>\n\u2728Hoja de datos<br \/>\n\u2728Mi historia<br \/>\n\u2728Datos de alta<br \/>\n\u2728Controles m\u00e9dicos<br \/>\n\u2728Controles nutricionales<br \/>\n\u2728Controles dentales<br \/>\n\u2728Calendario de vacunaci\u00f3n<br \/>\n\u2728Gr\u00e1fica de crecimiento<br \/>\n\u2728Alimentaci\u00f3n complementaria<br \/>\n\u2728Registro de doctores<br \/>\n\u2728Datos importantes<\/p>\n<p>Contiene 100 hojas aproximadamente, lo necesario para registrar el crecimiento de los m\u00e1s peque\u00f1os\ud83e\udd2d\ud83e\udd0d<\/p>\n","protected":false},"featured_media":3222,"comment_status":"open","ping_status":"closed","template":"","meta":[],"product_brand":[],"product_cat":[27],"product_tag":[],"class_list":{"0":"post-3219","1":"product","2":"type-product","3":"status-publish","4":"has-post-thumbnail","6":"product_cat-planners","7":"rishi-post","9":"first","10":"instock","11":"shipping-taxable","12":"purchasable","13":"product-type-simple"},"_links":{"self":[{"href":"https:\/\/kuyenraypapeleria.carlamf.com\/index.php\/wp-json\/wp\/v2\/product\/3219","targetHints":{"allow":["GET"]}}],"collection":[{"href":"https:\/\/kuyenraypapeleria.carlamf.com\/index.php\/wp-json\/wp\/v2\/product"}],"about":[{"href":"https:\/\/kuyenraypapeleria.carlamf.com\/index.php\/wp-json\/wp\/v2\/types\/product"}],"replies":[{"embeddable":true,"href":"https:\/\/kuyenraypapeleria.carlamf.com\/index.php\/wp-json\/wp\/v2\/comments?post=3219"}],"wp:featuredmedia":[{"embeddable":true,"href":"https:\/\/kuyenraypapeleria.carlamf.com\/index.php\/wp-json\/wp\/v2\/media\/3222"}],"wp:attachment":[{"href":"https:\/\/kuyenraypapeleria.carlamf.com\/index.php\/wp-json\/wp\/v2\/media?parent=3219"}],"wp:term":[{"taxonomy":"product_brand","embeddable":true,"href":"https:\/\/kuyenraypapeleria.carlamf.com\/index.php\/wp-json\/wp\/v2\/product_brand?post=3219"},{"taxonomy":"product_cat","embeddable":true,"href":"https:\/\/kuyenraypapeleria.carlamf.com\/index.php\/wp-json\/wp\/v2\/product_cat?post=3219"},{"taxonomy":"product_tag","embeddable":true,"href":"https:\/\/kuyenraypapeleria.carlamf.com\/index.php\/wp-json\/wp\/v2\/product_tag?post=3219"}],"curies":[{"name":"wp","href":"https:\/\/api.w.org\/{rel}","templated":true}]}}