{"id":3225,"date":"2022-12-24T02:28:06","date_gmt":"2022-12-24T02:28:06","guid":{"rendered":"https:\/\/kuyenraypapeleria.carlamf.com\/?post_type=product&#038;p=3225"},"modified":"2022-12-24T02:28:06","modified_gmt":"2022-12-24T02:28:06","slug":"recetario","status":"publish","type":"product","link":"https:\/\/kuyenraypapeleria.carlamf.com\/index.php\/producto\/recetario\/","title":{"rendered":"Recetario"},"content":{"rendered":"","protected":false},"excerpt":{"rendered":"<p>Porque es indispensable para no andar anotando nuestras recetas en hojitas por ah\u00ed o olvidar esas ricas recetas que vemos en redes sociales, esta vez les traemos un modelo renovado y con todas las herramientas que a nuestra primera versi\u00f3n le falt\u00f3\ud83d\udc40<br \/>\nEsta versi\u00f3n incluye hojita para datos, y tambi\u00e9n \u00edndice para no buscar entre tooodas las hojas\ud83e\udd2d separado a su vez en categor\u00edas dulce, salado, y bebestible\ud83e\udd42\ud83d\ude02<br \/>\nTambi\u00e9n incluye una tabla de equivalencias, para usar las medidas exactas y que todas nuestras recetas salgan perfectas\ud83e\udd1e\ud83c\udffchojitas para notas, pero lo m\u00e1s importante: viene en hoja de 140 gramos!\ud83e\udd29 quisimos hacerlo m\u00e1s grueso para que resista m\u00e1s tiempo a largo plazo y pueda quedarse en la cocina sin estropearse con el vapor, salpicaduras, y todo lo que conlleva cocinar\u2764\ufe0f<\/p>\n<p>Caracter\u00edsticas:<br \/>\n\u2728Tama\u00f1o a5<br \/>\n\u272860 hojas de 140 gramos<br \/>\n\u2728Hoja de datos<br \/>\n\u2728\u00cdndice dulce<br \/>\n\u2728\u00cdndice salado<br \/>\n\u2728\u00cdndice ve esto les<br \/>\n\u2728Equivalencias<br \/>\n\u272850 hojas para recetas<\/p>\n","protected":false},"featured_media":3226,"comment_status":"open","ping_status":"closed","template":"","meta":[],"product_brand":[],"product_cat":[28],"product_tag":[],"class_list":{"0":"post-3225","1":"product","2":"type-product","3":"status-publish","4":"has-post-thumbnail","6":"product_cat-recetarios","7":"rishi-post","9":"first","10":"instock","11":"shipping-taxable","12":"purchasable","13":"product-type-simple"},"_links":{"self":[{"href":"https:\/\/kuyenraypapeleria.carlamf.com\/index.php\/wp-json\/wp\/v2\/product\/3225","targetHints":{"allow":["GET"]}}],"collection":[{"href":"https:\/\/kuyenraypapeleria.carlamf.com\/index.php\/wp-json\/wp\/v2\/product"}],"about":[{"href":"https:\/\/kuyenraypapeleria.carlamf.com\/index.php\/wp-json\/wp\/v2\/types\/product"}],"replies":[{"embeddable":true,"href":"https:\/\/kuyenraypapeleria.carlamf.com\/index.php\/wp-json\/wp\/v2\/comments?post=3225"}],"wp:featuredmedia":[{"embeddable":true,"href":"https:\/\/kuyenraypapeleria.carlamf.com\/index.php\/wp-json\/wp\/v2\/media\/3226"}],"wp:attachment":[{"href":"https:\/\/kuyenraypapeleria.carlamf.com\/index.php\/wp-json\/wp\/v2\/media?parent=3225"}],"wp:term":[{"taxonomy":"product_brand","embeddable":true,"href":"https:\/\/kuyenraypapeleria.carlamf.com\/index.php\/wp-json\/wp\/v2\/product_brand?post=3225"},{"taxonomy":"product_cat","embeddable":true,"href":"https:\/\/kuyenraypapeleria.carlamf.com\/index.php\/wp-json\/wp\/v2\/product_cat?post=3225"},{"taxonomy":"product_tag","embeddable":true,"href":"https:\/\/kuyenraypapeleria.carlamf.com\/index.php\/wp-json\/wp\/v2\/product_tag?post=3225"}],"curies":[{"name":"wp","href":"https:\/\/api.w.org\/{rel}","templated":true}]}}